{"id":10,"date":"2009-01-06T18:03:39","date_gmt":"2009-01-06T17:03:39","guid":{"rendered":"http:\/\/test.club-nouvelle-mini.com\/?p=10"},"modified":"2015-05-30T11:41:13","modified_gmt":"2015-05-30T10:41:13","slug":"agenda-2004","status":"publish","type":"page","link":"https:\/\/www.club-nouvelle-mini.com\/?page_id=10","title":{"rendered":"Agenda 2004"},"content":{"rendered":"<ul class=\"arrow\">\n<li>22 janvier : Sortie \u00ab\u00a0Salon de l&rsquo;Automobile\u00a0\u00bb \u00e0 Bruxelles <\/li>\n<li> 25 janvier : Meeting MINI2.NL \u00e0 Eindhoven, 2\u00e8me \u00e9dition <\/li>\n<li>15 f\u00e9vrier : Sortie parisienne de la Saint Valentin<\/li>\n<li> 14 mars : MINIFunRUN \u00e0 Malines<\/li>\n<li> 27 mars : Rallye d&rsquo;orientation en Belgique<\/li>\n<li> 17 et 18 avril : Sortie Alsace <\/li>\n<li> 24 avril : Sortie Mantes la Jolie<\/li>\n<li> 1er et 2 mai : Festivit\u00e9s m\u00e9caniques \u00e0 Linas-Montlh\u00e9ry <\/li>\n<li> 9 mai : Russ Swift Experience \u00e0 Zolder <\/li>\n<li> 20 mai : Tous \u00e0 Ledenon<\/li>\n<li> 26 et 27 juin : INMM04 en Suisse <\/li>\n<li> 10 et 11 juillet : JCW Challenge \u00e0 Croix-en-Ternois<\/li>\n<li> 17 juillet : JNS 3 <\/li>\n<li> 23 et 24 juillet : Premi\u00e8re sortie Deauville <\/li>\n<li> 24 et 25 juillet : Sortie Le Mans Classic<\/li>\n<li>1er ao\u00fbt : D\u00e9part du MINI Tour Auto<\/li>\n<li> 22 ao\u00fbt : Rencontre Alsacienne <\/li>\n<li> Birthday Party \u00e0 Bruxelles : Resto &amp; Disco pour MuMu et Oli7 <\/li>\n<li> 4 et 5 septembre : Circuit de Charade <\/li>\n<li> 25 et 26 septembre : Sortie Belgium <\/li>\n<li> 17 octobre : Sortie du Team Paris<\/li>\n<li> 31 octobre : MINI Halloween Tour by Night <\/li>\n<li> 27 et 28 novembre : MINI Meeting AG au Mans<\/li>\n<li> 5 d\u00e9cembre : Meeting Vienne <\/li>\n<li> 18 d\u00e9cembre : MINI Meeting de No\u00ebl \u00e0 Durbuy<\/li>\n<li> Saint-Sylvestre \u00e0 Djerba en Tunisie<\/li>\n<\/ul>\n","protected":false},"excerpt":{"rendered":"<p>22 janvier : Sortie \u00ab\u00a0Salon de l&rsquo;Automobile\u00a0\u00bb \u00e0 Bruxelles 25 janvier : Meeting MINI2.NL \u00e0 Eindhoven, 2\u00e8me \u00e9dition 15 f\u00e9vrier : Sortie parisienne de la Saint Valentin 14 mars : MINIFunRUN \u00e0 Malines 27 mars : Rallye d&rsquo;orientation en Belgique&#8230; <a class=\"more-link\" href=\"https:\/\/www.club-nouvelle-mini.com\/?page_id=10\">Continue Reading &rarr;<\/a><\/p>\n","protected":false},"author":1,"featured_media":0,"parent":0,"menu_order":12,"comment_status":"closed","ping_status":"open","template":"","meta":[],"_links":{"self":[{"href":"https:\/\/www.club-nouvelle-mini.com\/index.php?rest_route=\/wp\/v2\/pages\/10"}],"collection":[{"href":"https:\/\/www.club-nouvelle-mini.com\/index.php?rest_route=\/wp\/v2\/pages"}],"about":[{"href":"https:\/\/www.club-nouvelle-mini.com\/index.php?rest_route=\/wp\/v2\/types\/page"}],"author":[{"embeddable":true,"href":"https:\/\/www.club-nouvelle-mini.com\/index.php?rest_route=\/wp\/v2\/users\/1"}],"replies":[{"embeddable":true,"href":"https:\/\/www.club-nouvelle-mini.com\/index.php?rest_route=%2Fwp%2Fv2%2Fcomments&post=10"}],"version-history":[{"count":1,"href":"https:\/\/www.club-nouvelle-mini.com\/index.php?rest_route=\/wp\/v2\/pages\/10\/revisions"}],"predecessor-version":[{"id":275,"href":"https:\/\/www.club-nouvelle-mini.com\/index.php?rest_route=\/wp\/v2\/pages\/10\/revisions\/275"}],"wp:attachment":[{"href":"https:\/\/www.club-nouvelle-mini.com\/index.php?rest_route=%2Fwp%2Fv2%2Fmedia&parent=10"}],"curies":[{"name":"wp","href":"https:\/\/api.w.org\/{rel}","templated":true}]}}