{"id":108,"date":"2011-12-21T15:35:45","date_gmt":"2011-12-21T14:35:45","guid":{"rendered":"http:\/\/test.club-nouvelle-mini.com\/?p=108"},"modified":"2018-05-21T11:25:22","modified_gmt":"2018-05-21T10:25:22","slug":"agenda-2012","status":"publish","type":"page","link":"https:\/\/www.club-nouvelle-mini.com\/?page_id=108","title":{"rendered":"Agenda 2012"},"content":{"rendered":"<ul class=\"arrow\">\n<li>17 mars : Balade en r\u00e9gion li\u00e9geoise<\/li>\n<li>14 et 15 avril : Meeting au Pays des Collines en Belgique &#8211; <a href=\"http:\/\/www.club-nouvelle-mini.com\/?p=113\">Lire l&rsquo;article<\/a><\/li>\n<li>11, 12 et 13 mai : MINI United 2012 sur le Circuit Paul Ricard au Castellet &#8211; <a href=\"http:\/\/www.club-nouvelle-mini.com\/?p=119\">Lire l&rsquo;article<\/a><\/li>\n<li>24 juin : Spirou&rsquo;s MINI Day en Belgique avec la concession Feltz &#8211; <a href=\"http:\/\/www.club-nouvelle-mini.com\/?p=122\">Lire l&rsquo;article<\/a><\/li>\n<li>7 juillet : Sortie en Vall\u00e9e de Chevreuse &#8211; <a href=\"http:\/\/www.club-nouvelle-mini.com\/?p=124\">Lire l&rsquo;article<\/a><\/li>\n<li>11 ao\u00fbt : Meeting de la Violette en Basse-Meuse &#8211; <a href=\"http:\/\/www.club-nouvelle-mini.com\/?p=126\">Lire l&rsquo;article<\/a><\/li>\n<li>22 et 23 septembre : Breizh Gumball \u00ab\u00a0Entre terre et mer\u00a0\u00bb &#8211; <a href=\"http:\/\/www.club-nouvelle-mini.com\/?p=129\">Lire l&rsquo;article<\/a><\/li>\n<li>27 et 28 octobre : Meeting Mirabelle en Lorraine pour les 10 ans du CNM &#8211; <a href=\"http:\/\/www.club-nouvelle-mini.com\/?p=134\">Lire l&rsquo;article<\/a><\/li>\n<li>15 et 16 d\u00e9cembre : Meeting du P\u00e8re No\u00ebl dans la neige &#8211; <a href=\"http:\/\/www.club-nouvelle-mini.com\/?p=136\">Lire l&rsquo;article<\/a><\/li>\n<\/ul>\n","protected":false},"excerpt":{"rendered":"<p>17 mars : Balade en r\u00e9gion li\u00e9geoise 14 et 15 avril : Meeting au Pays des Collines en Belgique &#8211; Lire l&rsquo;article 11, 12 et 13 mai : MINI United 2012 sur le Circuit Paul Ricard au Castellet &#8211; Lire&#8230; <a class=\"more-link\" href=\"https:\/\/www.club-nouvelle-mini.com\/?page_id=108\">Continue Reading &rarr;<\/a><\/p>\n","protected":false},"author":1,"featured_media":0,"parent":0,"menu_order":4,"comment_status":"closed","ping_status":"open","template":"","meta":[],"_links":{"self":[{"href":"https:\/\/www.club-nouvelle-mini.com\/index.php?rest_route=\/wp\/v2\/pages\/108"}],"collection":[{"href":"https:\/\/www.club-nouvelle-mini.com\/index.php?rest_route=\/wp\/v2\/pages"}],"about":[{"href":"https:\/\/www.club-nouvelle-mini.com\/index.php?rest_route=\/wp\/v2\/types\/page"}],"author":[{"embeddable":true,"href":"https:\/\/www.club-nouvelle-mini.com\/index.php?rest_route=\/wp\/v2\/users\/1"}],"replies":[{"embeddable":true,"href":"https:\/\/www.club-nouvelle-mini.com\/index.php?rest_route=%2Fwp%2Fv2%2Fcomments&post=108"}],"version-history":[{"count":3,"href":"https:\/\/www.club-nouvelle-mini.com\/index.php?rest_route=\/wp\/v2\/pages\/108\/revisions"}],"predecessor-version":[{"id":643,"href":"https:\/\/www.club-nouvelle-mini.com\/index.php?rest_route=\/wp\/v2\/pages\/108\/revisions\/643"}],"wp:attachment":[{"href":"https:\/\/www.club-nouvelle-mini.com\/index.php?rest_route=%2Fwp%2Fv2%2Fmedia&parent=108"}],"curies":[{"name":"wp","href":"https:\/\/api.w.org\/{rel}","templated":true}]}}