{"id":11,"date":"2009-01-06T18:05:57","date_gmt":"2009-01-06T17:05:57","guid":{"rendered":"http:\/\/test.club-nouvelle-mini.com\/?p=11"},"modified":"2015-05-30T11:41:13","modified_gmt":"2015-05-30T10:41:13","slug":"agenda-2005","status":"publish","type":"page","link":"https:\/\/www.club-nouvelle-mini.com\/?page_id=11","title":{"rendered":"Agenda 2005"},"content":{"rendered":"<ul class=\"arrow\">\n<li>29 et 30 janvier : Pr\u00e9-meeting Belgique sous la neige<\/li>\n<li> 13 f\u00e9vrier : Meeting de Saint-Valentin \u00e0 Paris <\/li>\n<li> 7 mars : Invitation des Amis du 06 au Port de Saint Laurent du Var <\/li>\n<li> 11 mars : Un \u00ab\u00a0Meeting \u00e0 Paris\u00a0\u00bb<\/li>\n<li> 13 mars :\u00a0\u00c7a\u00a0va glisser avec le Team Alsace <\/li>\n<li> 26 et 27 mars : Meeting d&rsquo;ouverture de la Saison \u00e0 La Rochelle <\/li>\n<li> 23 et 24 avril : Meeting Alsace <\/li>\n<li> 21 et 22 mai : Meeting Belgique <\/li>\n<li> 05 juin : Meeting Marseille<\/li>\n<li> JNS 4<\/li>\n<li>1er au 11 ao\u00fbt : MINI Tour Auto au d\u00e9part de Paris<\/li>\n<li>6 et 7 ao\u00fbt : Rencontre sur Toulouse <\/li>\n<li>2 septembre : Paris by Night<\/li>\n<li>3 et 4 septembre : Circuit de Charade pour une action caritative <\/li>\n<li> 24 et 25 septembre : Meeting Normandie <\/li>\n<li> 29 octobre : MINI Halloween Tour en Belgique <\/li>\n<li> 11, 12 et 13 novembre : Meeting AG \u00e0 Paris<\/li>\n<li> 11 d\u00e9cembre : Meeting C\u00f4te d&rsquo;Azur<\/li>\n<li> Saint-Sylvestre du Club \u00e0 Oostende<\/li>\n<\/ul>\n","protected":false},"excerpt":{"rendered":"<p>29 et 30 janvier : Pr\u00e9-meeting Belgique sous la neige 13 f\u00e9vrier : Meeting de Saint-Valentin \u00e0 Paris 7 mars : Invitation des Amis du 06 au Port de Saint Laurent du Var 11 mars : Un \u00ab\u00a0Meeting \u00e0 Paris\u00a0\u00bb&#8230; <a class=\"more-link\" href=\"https:\/\/www.club-nouvelle-mini.com\/?page_id=11\">Continue Reading &rarr;<\/a><\/p>\n","protected":false},"author":1,"featured_media":0,"parent":0,"menu_order":11,"comment_status":"closed","ping_status":"open","template":"","meta":[],"_links":{"self":[{"href":"https:\/\/www.club-nouvelle-mini.com\/index.php?rest_route=\/wp\/v2\/pages\/11"}],"collection":[{"href":"https:\/\/www.club-nouvelle-mini.com\/index.php?rest_route=\/wp\/v2\/pages"}],"about":[{"href":"https:\/\/www.club-nouvelle-mini.com\/index.php?rest_route=\/wp\/v2\/types\/page"}],"author":[{"embeddable":true,"href":"https:\/\/www.club-nouvelle-mini.com\/index.php?rest_route=\/wp\/v2\/users\/1"}],"replies":[{"embeddable":true,"href":"https:\/\/www.club-nouvelle-mini.com\/index.php?rest_route=%2Fwp%2Fv2%2Fcomments&post=11"}],"version-history":[{"count":1,"href":"https:\/\/www.club-nouvelle-mini.com\/index.php?rest_route=\/wp\/v2\/pages\/11\/revisions"}],"predecessor-version":[{"id":274,"href":"https:\/\/www.club-nouvelle-mini.com\/index.php?rest_route=\/wp\/v2\/pages\/11\/revisions\/274"}],"wp:attachment":[{"href":"https:\/\/www.club-nouvelle-mini.com\/index.php?rest_route=%2Fwp%2Fv2%2Fmedia&parent=11"}],"curies":[{"name":"wp","href":"https:\/\/api.w.org\/{rel}","templated":true}]}}