{"id":12,"date":"2009-01-06T18:06:34","date_gmt":"2009-01-06T17:06:34","guid":{"rendered":"http:\/\/test.club-nouvelle-mini.com\/?p=12"},"modified":"2015-05-30T11:41:13","modified_gmt":"2015-05-30T10:41:13","slug":"agenda-2006","status":"publish","type":"page","link":"https:\/\/www.club-nouvelle-mini.com\/?page_id=12","title":{"rendered":"Agenda 2006"},"content":{"rendered":"<ul class=\"arrow\">\n<li>19 f\u00e9vrier : Saint-Valentin \u00e0 Paris<\/li>\n<li>2 au 4 mars : Visite de l&rsquo;usine MINI \u00e0 Oxford <\/li>\n<li>1er et 2 avril : Premier Meeting au Luxembourg<\/li>\n<li>29 et 30 avril et 1er mai : Les Ch\u00e2teaux de la Loire<\/li>\n<li>3 au 5 juin : Meeting Nord au Touquet<\/li>\n<li>17 juin : Journ\u00e9e au vert avec le Team Paris<\/li>\n<li>2 juillet : Sortie Dinant avec le garage Feltz Marche <\/li>\n<li> 15 et 16 juillet : JNS 5 \u00ab\u00a0The LordS of the Ring\u00a0\u00bb<\/li>\n<li>5 et 6 ao\u00fbt : Meeting C\u00f4te d&rsquo;Azur<\/li>\n<li>23 et 24 septembre : Deuxi\u00e8me Meeting Normandie<\/li>\n<li>11 et 12 novembre : Meeting AG \u00e0 Paris<\/li>\n<\/ul>\n","protected":false},"excerpt":{"rendered":"<p>19 f\u00e9vrier : Saint-Valentin \u00e0 Paris 2 au 4 mars : Visite de l&rsquo;usine MINI \u00e0 Oxford 1er et 2 avril : Premier Meeting au Luxembourg 29 et 30 avril et 1er mai : Les Ch\u00e2teaux de la Loire 3&#8230; <a class=\"more-link\" href=\"https:\/\/www.club-nouvelle-mini.com\/?page_id=12\">Continue Reading &rarr;<\/a><\/p>\n","protected":false},"author":1,"featured_media":0,"parent":0,"menu_order":10,"comment_status":"closed","ping_status":"open","template":"","meta":[],"_links":{"self":[{"href":"https:\/\/www.club-nouvelle-mini.com\/index.php?rest_route=\/wp\/v2\/pages\/12"}],"collection":[{"href":"https:\/\/www.club-nouvelle-mini.com\/index.php?rest_route=\/wp\/v2\/pages"}],"about":[{"href":"https:\/\/www.club-nouvelle-mini.com\/index.php?rest_route=\/wp\/v2\/types\/page"}],"author":[{"embeddable":true,"href":"https:\/\/www.club-nouvelle-mini.com\/index.php?rest_route=\/wp\/v2\/users\/1"}],"replies":[{"embeddable":true,"href":"https:\/\/www.club-nouvelle-mini.com\/index.php?rest_route=%2Fwp%2Fv2%2Fcomments&post=12"}],"version-history":[{"count":1,"href":"https:\/\/www.club-nouvelle-mini.com\/index.php?rest_route=\/wp\/v2\/pages\/12\/revisions"}],"predecessor-version":[{"id":273,"href":"https:\/\/www.club-nouvelle-mini.com\/index.php?rest_route=\/wp\/v2\/pages\/12\/revisions\/273"}],"wp:attachment":[{"href":"https:\/\/www.club-nouvelle-mini.com\/index.php?rest_route=%2Fwp%2Fv2%2Fmedia&parent=12"}],"curies":[{"name":"wp","href":"https:\/\/api.w.org\/{rel}","templated":true}]}}