{"id":138,"date":"2013-04-27T06:39:08","date_gmt":"2013-04-27T05:39:08","guid":{"rendered":"http:\/\/test.club-nouvelle-mini.com\/?p=138"},"modified":"2018-05-21T13:47:54","modified_gmt":"2018-05-21T12:47:54","slug":"agenda-2014","status":"publish","type":"page","link":"https:\/\/www.club-nouvelle-mini.com\/?page_id=138","title":{"rendered":"Agenda 2014"},"content":{"rendered":"<ul class=\"arrow\">\n<li>22 mars : Exclusive Drive &#8211; <a href=\"http:\/\/www.club-nouvelle-mini.com\/?p=669\">Lire l&rsquo;article<\/a><\/li>\n<li>31 mai et 1er juin : Meeting Bourgogne &#8211; <a href=\"http:\/\/www.club-nouvelle-mini.com\/?p=174\">Lire l&rsquo;article<\/a><\/li>\n<li>21 juin : Meeting IDF &#8211; <a href=\"http:\/\/www.club-nouvelle-mini.com\/?p=646\">Lire l&rsquo;article<\/a><\/li>\n<li>28 juin : Mini John Cooper Works Days &#8211; <a href=\"http:\/\/www.club-nouvelle-mini.com\/?p=658\">Lire l&rsquo;article<\/a><\/li>\n<li>26 et 27 juillet : Meeting Belgique &#8211; <a href=\"http:\/\/www.club-nouvelle-mini.com\/?p=178\">Lire l&rsquo;article<\/a><\/li>\n<li>6 et 7 septembre : Meeting Alsace &#8211; <a href=\"http:\/\/www.club-nouvelle-mini.com\/?p=184\">Lire l&rsquo;article<\/a><\/li>\n<li>25 et 26 octobre : Meeting d&rsquo;assembl\u00e9e g\u00e9n\u00e9rale en Bretagne &#8211; <a href=\"http:\/\/www.club-nouvelle-mini.com\/?p=189\">Lire l&rsquo;article<\/a><\/li>\n<li>20 et 21 d\u00e9cembre : Les routes du P\u00e8re No\u00ebl &#8211; <a href=\"http:\/\/www.club-nouvelle-mini.com\/?p=192\">Lire l&rsquo;article<\/a><\/li>\n<\/ul>\n","protected":false},"excerpt":{"rendered":"<p>22 mars : Exclusive Drive &#8211; Lire l&rsquo;article 31 mai et 1er juin : Meeting Bourgogne &#8211; Lire l&rsquo;article 21 juin : Meeting IDF &#8211; Lire l&rsquo;article 28 juin : Mini John Cooper Works Days &#8211; Lire l&rsquo;article 26 et&#8230; <a class=\"more-link\" href=\"https:\/\/www.club-nouvelle-mini.com\/?page_id=138\">Continue Reading &rarr;<\/a><\/p>\n","protected":false},"author":1,"featured_media":0,"parent":0,"menu_order":2,"comment_status":"closed","ping_status":"open","template":"","meta":[],"_links":{"self":[{"href":"https:\/\/www.club-nouvelle-mini.com\/index.php?rest_route=\/wp\/v2\/pages\/138"}],"collection":[{"href":"https:\/\/www.club-nouvelle-mini.com\/index.php?rest_route=\/wp\/v2\/pages"}],"about":[{"href":"https:\/\/www.club-nouvelle-mini.com\/index.php?rest_route=\/wp\/v2\/types\/page"}],"author":[{"embeddable":true,"href":"https:\/\/www.club-nouvelle-mini.com\/index.php?rest_route=\/wp\/v2\/users\/1"}],"replies":[{"embeddable":true,"href":"https:\/\/www.club-nouvelle-mini.com\/index.php?rest_route=%2Fwp%2Fv2%2Fcomments&post=138"}],"version-history":[{"count":9,"href":"https:\/\/www.club-nouvelle-mini.com\/index.php?rest_route=\/wp\/v2\/pages\/138\/revisions"}],"predecessor-version":[{"id":680,"href":"https:\/\/www.club-nouvelle-mini.com\/index.php?rest_route=\/wp\/v2\/pages\/138\/revisions\/680"}],"wp:attachment":[{"href":"https:\/\/www.club-nouvelle-mini.com\/index.php?rest_route=%2Fwp%2Fv2%2Fmedia&parent=138"}],"curies":[{"name":"wp","href":"https:\/\/api.w.org\/{rel}","templated":true}]}}