{"id":1542,"date":"2025-01-18T17:34:28","date_gmt":"2025-01-18T16:34:28","guid":{"rendered":"http:\/\/www.club-nouvelle-mini.com\/?page_id=1542"},"modified":"2025-02-26T18:48:15","modified_gmt":"2025-02-26T17:48:15","slug":"presses","status":"publish","type":"page","link":"https:\/\/www.club-nouvelle-mini.com\/?page_id=1542","title":{"rendered":"Le club Mini fait son show."},"content":{"rendered":"\n<figure class=\"wp-block-image size-large\"><a href=\"https:\/\/www.club-nouvelle-mini.com\/wp-content\/uploads\/2025\/01\/stpaul.jpg\"><img loading=\"lazy\" width=\"960\" height=\"600\" src=\"https:\/\/www.club-nouvelle-mini.com\/wp-content\/uploads\/2025\/01\/stpaul.jpg\" alt=\"\" class=\"wp-image-1543\" srcset=\"https:\/\/www.club-nouvelle-mini.com\/wp-content\/uploads\/2025\/01\/stpaul.jpg 960w, https:\/\/www.club-nouvelle-mini.com\/wp-content\/uploads\/2025\/01\/stpaul-300x188.jpg 300w, https:\/\/www.club-nouvelle-mini.com\/wp-content\/uploads\/2025\/01\/stpaul-768x480.jpg 768w, https:\/\/www.club-nouvelle-mini.com\/wp-content\/uploads\/2025\/01\/stpaul-600x375.jpg 600w, https:\/\/www.club-nouvelle-mini.com\/wp-content\/uploads\/2025\/01\/stpaul-945x591.jpg 945w\" sizes=\"(max-width: 960px) 100vw, 960px\" \/><\/a><\/figure>\n\n\n\n<h1>\u00c0 Saint-Pol-de-L\u00e9on, les fans de Mini forment une grande famille<\/h1>\n\n\n\n<p>Le Club Nouvelle Mini regroupe des passionn\u00e9s de toute la France et des pays francophones. Samedi, une douzaine de Mini \u00e9taient stationn\u00e9es sur le parvis de la cath\u00e9drale, pour une \u00e9tape de ce meeting nord-finist\u00e9rien.<\/p>\n\n\n\n<p>La douzaine de nouvelles Mini stationn\u00e9es sur le parvis de la cath\u00e9drale, samedi 28 octobre 2023, en fin de journ\u00e9e n\u2019est pas pass\u00e9e inaper\u00e7ue. Saint-Pol \u00e9tait la ville \u00e9tape de ce meeting nord-finist\u00e9rien, organis\u00e9 par le Club Nouvelle Mini qui, depuis 2002, un an apr\u00e8s la commercialisation de ce mod\u00e8le, r\u00e9unit les propri\u00e9taires pour partir \u00e0 la d\u00e9couverte d\u2019une r\u00e9gion, de ses paysages, de son histoire et de ses sp\u00e9cialit\u00e9s culinaires.<\/p>\n\n\n\n<!--nextpage-->\n\n\n\n<p><\/p>\n\n\n\n<h2>En 2021 l&rsquo;\u00e9mission V6 avec le CNM  pour invit\u00e9.<\/h2>\n\n\n\n<p>Aujourd&rsquo;hui, votre animatrice <strong>Jessica Paupinat<\/strong> vous emm\u00e8ne \u00e0 la d\u00e9couverte de la mini GP 3 avec une communaut\u00e9 passionn\u00e9e et pleine de style : <strong>les membres du Club Nouvelle Mini<\/strong> !<\/p>\n\n\n\n<figure class=\"wp-block-image size-large\"><a href=\"https:\/\/www.club-nouvelle-mini.com\/wp-content\/uploads\/2025\/01\/v6.jpg\"><img loading=\"lazy\" width=\"1024\" height=\"768\" src=\"https:\/\/www.club-nouvelle-mini.com\/wp-content\/uploads\/2025\/01\/v6-1024x768.jpg\" alt=\"\" class=\"wp-image-1550\" srcset=\"https:\/\/www.club-nouvelle-mini.com\/wp-content\/uploads\/2025\/01\/v6-1024x768.jpg 1024w, https:\/\/www.club-nouvelle-mini.com\/wp-content\/uploads\/2025\/01\/v6-300x225.jpg 300w, https:\/\/www.club-nouvelle-mini.com\/wp-content\/uploads\/2025\/01\/v6-768x576.jpg 768w, https:\/\/www.club-nouvelle-mini.com\/wp-content\/uploads\/2025\/01\/v6-600x450.jpg 600w, https:\/\/www.club-nouvelle-mini.com\/wp-content\/uploads\/2025\/01\/v6-945x709.jpg 945w, https:\/\/www.club-nouvelle-mini.com\/wp-content\/uploads\/2025\/01\/v6.jpg 1440w\" sizes=\"(max-width: 1024px) 100vw, 1024px\" \/><\/a><\/figure>\n\n\n\n<p><\/p>\n","protected":false},"excerpt":{"rendered":"<p>\u00c0 Saint-Pol-de-L\u00e9on, les fans de Mini forment une grande famille Le Club Nouvelle Mini regroupe des passionn\u00e9s de toute la France et des pays francophones. Samedi, une douzaine de Mini \u00e9taient stationn\u00e9es sur le parvis de la cath\u00e9drale, pour une&#8230; <a class=\"more-link\" href=\"https:\/\/www.club-nouvelle-mini.com\/?page_id=1542\">Continue Reading &rarr;<\/a><\/p>\n","protected":false},"author":3,"featured_media":0,"parent":0,"menu_order":0,"comment_status":"closed","ping_status":"closed","template":"","meta":[],"_links":{"self":[{"href":"https:\/\/www.club-nouvelle-mini.com\/index.php?rest_route=\/wp\/v2\/pages\/1542"}],"collection":[{"href":"https:\/\/www.club-nouvelle-mini.com\/index.php?rest_route=\/wp\/v2\/pages"}],"about":[{"href":"https:\/\/www.club-nouvelle-mini.com\/index.php?rest_route=\/wp\/v2\/types\/page"}],"author":[{"embeddable":true,"href":"https:\/\/www.club-nouvelle-mini.com\/index.php?rest_route=\/wp\/v2\/users\/3"}],"replies":[{"embeddable":true,"href":"https:\/\/www.club-nouvelle-mini.com\/index.php?rest_route=%2Fwp%2Fv2%2Fcomments&post=1542"}],"version-history":[{"count":5,"href":"https:\/\/www.club-nouvelle-mini.com\/index.php?rest_route=\/wp\/v2\/pages\/1542\/revisions"}],"predecessor-version":[{"id":1557,"href":"https:\/\/www.club-nouvelle-mini.com\/index.php?rest_route=\/wp\/v2\/pages\/1542\/revisions\/1557"}],"wp:attachment":[{"href":"https:\/\/www.club-nouvelle-mini.com\/index.php?rest_route=%2Fwp%2Fv2%2Fmedia&parent=1542"}],"curies":[{"name":"wp","href":"https:\/\/api.w.org\/{rel}","templated":true}]}}