{"id":166,"date":"2015-03-06T12:29:22","date_gmt":"2015-03-06T11:29:22","guid":{"rendered":"http:\/\/test.club-nouvelle-mini.com\/?p=166"},"modified":"2018-05-24T16:35:12","modified_gmt":"2018-05-24T15:35:12","slug":"agenda-2015","status":"publish","type":"page","link":"https:\/\/www.club-nouvelle-mini.com\/?page_id=166","title":{"rendered":"Agenda 2015"},"content":{"rendered":"<ul class=\"arrow\">\n<li>12 avril : Driving With A Heart &#8211; <a href=\"http:\/\/www.club-nouvelle-mini.com\/?p=694\">Lire l&rsquo;article<\/a><\/li>\n<li>25 et 26 avril : Meeting Alsace &#8211; <a href=\"http:\/\/www.club-nouvelle-mini.com\/?p=197\">Lire l&rsquo;article<\/a><\/li>\n<li>15 et 16 mai : Meeting Corr\u00e8ze &#8211; <a href=\"http:\/\/www.club-nouvelle-mini.com\/?p=202\">Lire l&rsquo;article<\/a><\/li>\n<li>15 et 16 ao\u00fbt : Meeting Suisse &#8211; <a href=\"http:\/\/www.club-nouvelle-mini.com\/?p=702\">Lire l&rsquo;article<\/a><\/li>\n<li>12 et 13 septembre : Meeting Belgique &#8211; <a href=\"http:\/\/www.club-nouvelle-mini.com\/?p=713\">Lire l&rsquo;article<\/a><\/li>\n<li>3 et 4 octobre : Meeting Vexin &#8211; <a href=\"http:\/\/www.club-nouvelle-mini.com\/?p=729\">Lire l&rsquo;article<\/a><\/li>\n<li>24 et 25 octobre : Meeting d&rsquo;assembl\u00e9e g\u00e9n\u00e9rale dans le Doubs &#8211; <a href=\"http:\/\/www.club-nouvelle-mini.com\/?p=739\">Lire l&rsquo;article<\/a><\/li>\n<li>19 et 20 d\u00e9cembre : Meeting de No\u00ebl en Belgique &#8211; <a href=\"http:\/\/www.club-nouvelle-mini.com\/?p=753\">Lire l&rsquo;article<\/a><\/li>\n<\/ul>\n","protected":false},"excerpt":{"rendered":"<p>12 avril : Driving With A Heart &#8211; Lire l&rsquo;article 25 et 26 avril : Meeting Alsace &#8211; Lire l&rsquo;article 15 et 16 mai : Meeting Corr\u00e8ze &#8211; Lire l&rsquo;article 15 et 16 ao\u00fbt : Meeting Suisse &#8211; Lire l&rsquo;article&#8230; <a class=\"more-link\" href=\"https:\/\/www.club-nouvelle-mini.com\/?page_id=166\">Continue Reading &rarr;<\/a><\/p>\n","protected":false},"author":1,"featured_media":0,"parent":0,"menu_order":1,"comment_status":"closed","ping_status":"open","template":"","meta":[],"_links":{"self":[{"href":"https:\/\/www.club-nouvelle-mini.com\/index.php?rest_route=\/wp\/v2\/pages\/166"}],"collection":[{"href":"https:\/\/www.club-nouvelle-mini.com\/index.php?rest_route=\/wp\/v2\/pages"}],"about":[{"href":"https:\/\/www.club-nouvelle-mini.com\/index.php?rest_route=\/wp\/v2\/types\/page"}],"author":[{"embeddable":true,"href":"https:\/\/www.club-nouvelle-mini.com\/index.php?rest_route=\/wp\/v2\/users\/1"}],"replies":[{"embeddable":true,"href":"https:\/\/www.club-nouvelle-mini.com\/index.php?rest_route=%2Fwp%2Fv2%2Fcomments&post=166"}],"version-history":[{"count":8,"href":"https:\/\/www.club-nouvelle-mini.com\/index.php?rest_route=\/wp\/v2\/pages\/166\/revisions"}],"predecessor-version":[{"id":759,"href":"https:\/\/www.club-nouvelle-mini.com\/index.php?rest_route=\/wp\/v2\/pages\/166\/revisions\/759"}],"wp:attachment":[{"href":"https:\/\/www.club-nouvelle-mini.com\/index.php?rest_route=%2Fwp%2Fv2%2Fmedia&parent=166"}],"curies":[{"name":"wp","href":"https:\/\/api.w.org\/{rel}","templated":true}]}}