{"id":23,"date":"2009-01-07T20:35:39","date_gmt":"2009-01-07T19:35:39","guid":{"rendered":"http:\/\/test.club-nouvelle-mini.com\/?p=23"},"modified":"2025-11-22T15:22:27","modified_gmt":"2025-11-22T14:22:27","slug":"pourquoi-adherer","status":"publish","type":"page","link":"https:\/\/www.club-nouvelle-mini.com\/","title":{"rendered":"Pourquoi adh\u00e9rer au CNM ?"},"content":{"rendered":"<div>Avant tout, c&rsquo;est pour partager l&rsquo;esprit du Club, celui qui nous anime depuis le d\u00e9but de cette fabuleuse aventure. Mais adh\u00e9rer, c&rsquo;est aussi montrer que l&rsquo;on s&rsquo;identifie \u00e0 cet esprit et aux activit\u00e9s qui l&rsquo;accompagnent, car un Club, c&rsquo;est au-del\u00e0 d&rsquo;un groupe de passionn\u00e9s, un moyen de nous retrouver ensemble et de vivre des aventures fabuleuses avec cette voiture incroyable qu&rsquo;est la MINI.\n<p>\u00a0<\/p>\n<\/div>\n<div style=\"text-align: center;\"><img loading=\"lazy\" class=\" size-full wp-image-22\" src=\"http:\/\/test.club-nouvelle-mini.com\/wp-content\/uploads\/2009\/01\/adherer.jpg\" alt=\"Meeting Suisse 2009\" width=\"500\" height=\"332\" border=\"0\" srcset=\"https:\/\/www.club-nouvelle-mini.com\/wp-content\/uploads\/2009\/01\/adherer.jpg 500w, https:\/\/www.club-nouvelle-mini.com\/wp-content\/uploads\/2009\/01\/adherer-300x199.jpg 300w\" sizes=\"(max-width: 500px) 100vw, 500px\" \/><\/div>\n<ul class=\"check\">\n<li>\n<h3>Pourquoi faut-il une cotisation ?<\/h3>\n<\/li>\n<\/ul>\n<p>Parce que le fonctionnement d&rsquo;une association ne va pas sans frais : la fabrication des autocollants, des newsletters, les diff\u00e9rents courriers envoy\u00e9s, les frais relatifs au site du Club (achat du nom de domaine, h\u00e9bergement), le paiement de l\u2019assurance de responsabilit\u00e9 civile&#8230; Toutes ces petites choses qui font qu&rsquo;un Club vit et se d\u00e9veloppe. Enfin, si nous voulons d\u00e9velopper nos activit\u00e9s, organiser des rassemblements plus importants, des voyages ou des sorties \u00e0 l&rsquo;\u00e9tranger, il est n\u00e9cessaire que le Club puisse fonctionner sur des fonds propres.<\/p>\n<ul class=\"check\">\n<li>\n<h3>Que vais-je recevoir pour 28\u20ac ?<\/h3>\n<\/li>\n<\/ul>\n<p>La cotisation est valable pour une ann\u00e9e compl\u00e8te \u00e0 partir de la date de souscription. En contrepartie de votre cotisation, vous recevrez par courrier l&rsquo;autocollant officiel du Club, \u00e0 apposer sur votre MINI. Vous profiterez \u00e9galement d&rsquo;un tarif pr\u00e9f\u00e9rentiel pour toutes les inscriptions aux sorties organis\u00e9es par le Club.<\/p>\n\n\n<figure class=\"wp-block-image size-large\"><a href=\"https:\/\/www.club-nouvelle-mini.com\/wp-content\/uploads\/2025\/01\/CNM2025-les-deux.jpg\"><img loading=\"lazy\" width=\"715\" height=\"227\" src=\"https:\/\/www.club-nouvelle-mini.com\/wp-content\/uploads\/2025\/01\/CNM2025-les-deux.jpg\" alt=\"\" class=\"wp-image-1494\" srcset=\"https:\/\/www.club-nouvelle-mini.com\/wp-content\/uploads\/2025\/01\/CNM2025-les-deux.jpg 715w, https:\/\/www.club-nouvelle-mini.com\/wp-content\/uploads\/2025\/01\/CNM2025-les-deux-300x95.jpg 300w, https:\/\/www.club-nouvelle-mini.com\/wp-content\/uploads\/2025\/01\/CNM2025-les-deux-600x190.jpg 600w\" sizes=\"(max-width: 715px) 100vw, 715px\" \/><\/a><\/figure>\n\n\n\n<p><\/p>\n","protected":false},"excerpt":{"rendered":"<p>Avant tout, c&rsquo;est pour partager l&rsquo;esprit du Club, celui qui nous anime depuis le d\u00e9but de cette fabuleuse aventure. Mais adh\u00e9rer, c&rsquo;est aussi montrer que l&rsquo;on s&rsquo;identifie \u00e0 cet esprit et aux activit\u00e9s qui l&rsquo;accompagnent, car un Club, c&rsquo;est au-del\u00e0&#8230; <a class=\"more-link\" href=\"https:\/\/www.club-nouvelle-mini.com\/\">Continue Reading &rarr;<\/a><\/p>\n","protected":false},"author":1,"featured_media":0,"parent":0,"menu_order":1,"comment_status":"closed","ping_status":"open","template":"","meta":[],"_links":{"self":[{"href":"https:\/\/www.club-nouvelle-mini.com\/index.php?rest_route=\/wp\/v2\/pages\/23"}],"collection":[{"href":"https:\/\/www.club-nouvelle-mini.com\/index.php?rest_route=\/wp\/v2\/pages"}],"about":[{"href":"https:\/\/www.club-nouvelle-mini.com\/index.php?rest_route=\/wp\/v2\/types\/page"}],"author":[{"embeddable":true,"href":"https:\/\/www.club-nouvelle-mini.com\/index.php?rest_route=\/wp\/v2\/users\/1"}],"replies":[{"embeddable":true,"href":"https:\/\/www.club-nouvelle-mini.com\/index.php?rest_route=%2Fwp%2Fv2%2Fcomments&post=23"}],"version-history":[{"count":6,"href":"https:\/\/www.club-nouvelle-mini.com\/index.php?rest_route=\/wp\/v2\/pages\/23\/revisions"}],"predecessor-version":[{"id":1620,"href":"https:\/\/www.club-nouvelle-mini.com\/index.php?rest_route=\/wp\/v2\/pages\/23\/revisions\/1620"}],"wp:attachment":[{"href":"https:\/\/www.club-nouvelle-mini.com\/index.php?rest_route=%2Fwp%2Fv2%2Fmedia&parent=23"}],"curies":[{"name":"wp","href":"https:\/\/api.w.org\/{rel}","templated":true}]}}