{"id":6,"date":"2008-12-10T20:48:32","date_gmt":"2008-12-10T19:48:32","guid":{"rendered":"http:\/\/test.club-nouvelle-mini.com\/?p=6"},"modified":"2015-05-30T10:19:09","modified_gmt":"2015-05-30T09:19:09","slug":"persention-du-cnm","status":"publish","type":"page","link":"https:\/\/www.club-nouvelle-mini.com\/?page_id=6","title":{"rendered":"Pr\u00e9sentation du CNM"},"content":{"rendered":"<div>En novembre 2002, apr\u00e8s plusieurs mois de discussions sur le forum Nouvelle MINI du site Motorlegend.com, quelques passionn\u00e9s se rencontrent et d\u00e9cident de cr\u00e9er le Club Nouvelle MINI. Leur objectif ? Partager leur passion pour leur voiture pr\u00e9f\u00e9r\u00e9e en rassemblant les propri\u00e9taires lors de manifestations.<\/p>\n<\/div>\n<div style=\"text-align:center;\"><img loading=\"lazy\" class=\" size-full wp-image-5\" src=\"http:\/\/test.club-nouvelle-mini.com\/wp-content\/uploads\/2008\/12\/presentation.jpg\" border=\"0\" alt=\"Meeting Bretagne 2010\" width=\"500\" height=\"333\" srcset=\"https:\/\/www.club-nouvelle-mini.com\/wp-content\/uploads\/2008\/12\/presentation.jpg 500w, https:\/\/www.club-nouvelle-mini.com\/wp-content\/uploads\/2008\/12\/presentation-300x200.jpg 300w\" sizes=\"(max-width: 500px) 100vw, 500px\" \/><\/div>\n<p>Tr\u00e8s vite, le Club voit le jour sous la forme d&rsquo;une association loi 1901, et s&rsquo;organise : cr\u00e9ation d&rsquo;un site internet, publication d&rsquo;une newsletter trimestrielle, organisation de sorties\u2026 le tout dans un esprit de camaraderie cher \u00e0 ses fondateurs. Aux commandes, une \u00e9quipe de passionn\u00e9s qui mettent leurs comp\u00e9tences professionnelles au service de l&rsquo;association.<\/p>\n<p align=\"justify\">Celle-ci fonctionne comme une petite entreprise organis\u00e9e avec un webmaster, un expert-comptable, un juriste, une responsable communication, un graphiste\u2026 Des teams locaux sont cr\u00e9\u00e9s et assurent un relais entre l&rsquo;\u00e9quipe et les membres du Club un peu partout en France, ainsi qu&rsquo;\u00e0 l&rsquo;\u00e9tranger, en Suisse et en Belgique.<\/p>\n<p align=\"justify\">Chaque ann\u00e9e, le Club organise plusieurs meetings principaux. Ces meetings permettent aux participants de d\u00e9couvrir une r\u00e9gion, ses paysages, son histoire\u2026 et ses sp\u00e9cialit\u00e9s culinaires ! Le temps d&rsquo;un week-end, ce sont entre 20 et 60 MINIs qui s&rsquo;\u00e9lancent sur les routes \u00e0 l&rsquo;assaut d&rsquo;un road-book, de visites de ch\u00e2teaux, de balades en convoi\u2026 sous les yeux \u00e9bahis et ravis des populations locales.<\/p>\n<p align=\"justify\">Parmi les autres activit\u00e9s du Club, de nombreuses sorties locales s&rsquo;improvisent tout au long de l&rsquo;ann\u00e9e, ainsi que des sorties sur circuit et des actions caritatives au profit d&rsquo;associations.<\/p>\n<p style=\"text-align: left;\">Apr\u00e8s plusieurs ann\u00e9es d&rsquo;existence, le Club Nouvelle MINI se positionne comme le premier club francophone d\u00e9di\u00e9 \u00e0 la MINI. L&rsquo;objectif du Club est de continuer \u00e0 grandir, sans perdre le principal ingr\u00e9dient de son succ\u00e8s : son \u00e2me&#8230; que les passionn\u00e9s r\u00e9sument en deux mots :<\/p>\n<p><strong><span style=\"font-size:30px;\">BE MINI.<\/span><\/strong><\/p>\n","protected":false},"excerpt":{"rendered":"<p>En novembre 2002, apr\u00e8s plusieurs mois de discussions sur le forum Nouvelle MINI du site Motorlegend.com, quelques passionn\u00e9s se rencontrent et d\u00e9cident de cr\u00e9er le Club Nouvelle MINI. Leur objectif ? Partager leur passion pour leur voiture pr\u00e9f\u00e9r\u00e9e en rassemblant&#8230; <a class=\"more-link\" href=\"https:\/\/www.club-nouvelle-mini.com\/?page_id=6\">Continue Reading &rarr;<\/a><\/p>\n","protected":false},"author":1,"featured_media":0,"parent":0,"menu_order":1,"comment_status":"closed","ping_status":"open","template":"","meta":[],"_links":{"self":[{"href":"https:\/\/www.club-nouvelle-mini.com\/index.php?rest_route=\/wp\/v2\/pages\/6"}],"collection":[{"href":"https:\/\/www.club-nouvelle-mini.com\/index.php?rest_route=\/wp\/v2\/pages"}],"about":[{"href":"https:\/\/www.club-nouvelle-mini.com\/index.php?rest_route=\/wp\/v2\/types\/page"}],"author":[{"embeddable":true,"href":"https:\/\/www.club-nouvelle-mini.com\/index.php?rest_route=\/wp\/v2\/users\/1"}],"replies":[{"embeddable":true,"href":"https:\/\/www.club-nouvelle-mini.com\/index.php?rest_route=%2Fwp%2Fv2%2Fcomments&post=6"}],"version-history":[{"count":1,"href":"https:\/\/www.club-nouvelle-mini.com\/index.php?rest_route=\/wp\/v2\/pages\/6\/revisions"}],"predecessor-version":[{"id":279,"href":"https:\/\/www.club-nouvelle-mini.com\/index.php?rest_route=\/wp\/v2\/pages\/6\/revisions\/279"}],"wp:attachment":[{"href":"https:\/\/www.club-nouvelle-mini.com\/index.php?rest_route=%2Fwp%2Fv2%2Fmedia&parent=6"}],"curies":[{"name":"wp","href":"https:\/\/api.w.org\/{rel}","templated":true}]}}