{"id":633,"date":"2018-05-21T11:11:57","date_gmt":"2018-05-21T10:11:57","guid":{"rendered":"http:\/\/www.club-nouvelle-mini.com\/?page_id=633"},"modified":"2018-08-06T16:30:53","modified_gmt":"2018-08-06T15:30:53","slug":"agenda-2017","status":"publish","type":"page","link":"https:\/\/www.club-nouvelle-mini.com\/?page_id=633","title":{"rendered":"Agenda 2017"},"content":{"rendered":"<ul class=\"arrow\">\n<li>Du 10 au 12 f\u00e9vrier : Meeting Transjurasienne &#8211; <a href=\"http:\/\/www.club-nouvelle-mini.com\/?p=840\">Lire l&rsquo;article<\/a><\/li>\n<li>Du 16 au 18 mars : Exclusive Drive &#8211; <a href=\"http:\/\/www.club-nouvelle-mini.com\/?p=831\">Lire l&rsquo;article<\/a><\/li>\n<li>26 et 27 mai : Meeting Tri Tour &#8211; <a href=\"http:\/\/www.club-nouvelle-mini.com\/?p=846\">Voir la vid\u00e9o<\/a><\/li>\n<li>Du 24 juin au 2 juillet : Meeting Loch Ness Tour &#8211; <a href=\"http:\/\/www.club-nouvelle-mini.com\/?p=871\">Lire l&rsquo;article<\/a><\/li>\n<li>15 et 16 juillet 2017 : Meeting des Brimbelles &#8211; <a href=\"http:\/\/www.club-nouvelle-mini.com\/?p=850\">Lire l&rsquo;article<\/a><\/li>\n<li>26 et 27 ao\u00fbt 2017 : Meeting Vexin &#8211; <a href=\"http:\/\/www.club-nouvelle-mini.com\/?p=859\">Lire l&rsquo;article<\/a><\/li>\n<li>21 et 22 octobre 2017 : Meeting de l&rsquo;Assembl\u00e9e G\u00e9n\u00e9rale en Champagne &#8211; <a href=\"http:\/\/www.club-nouvelle-mini.com\/?p=886\">Lire l&rsquo;article<\/a><\/li>\n<li>18 et 19 novembre 2017 : Meeting Bretagne &#8211; <a href=\"http:\/\/www.club-nouvelle-mini.com\/?p=894\">Lire l&rsquo;article<\/a><\/li>\n<li>16 et 17 d\u00e9cembre 2017 : Meeting de No\u00ebl en Belgique &#8211; <a href=\"http:\/\/www.club-nouvelle-mini.com\/?p=900\">Lire l&rsquo;article<\/a><\/li>\n<\/ul>\n","protected":false},"excerpt":{"rendered":"<p>Du 10 au 12 f\u00e9vrier : Meeting Transjurasienne &#8211; Lire l&rsquo;article Du 16 au 18 mars : Exclusive Drive &#8211; Lire l&rsquo;article 26 et 27 mai : Meeting Tri Tour &#8211; Voir la vid\u00e9o Du 24 juin au 2 juillet&#8230; <a class=\"more-link\" href=\"https:\/\/www.club-nouvelle-mini.com\/?page_id=633\">Continue Reading &rarr;<\/a><\/p>\n","protected":false},"author":2,"featured_media":0,"parent":0,"menu_order":0,"comment_status":"closed","ping_status":"closed","template":"","meta":[],"_links":{"self":[{"href":"https:\/\/www.club-nouvelle-mini.com\/index.php?rest_route=\/wp\/v2\/pages\/633"}],"collection":[{"href":"https:\/\/www.club-nouvelle-mini.com\/index.php?rest_route=\/wp\/v2\/pages"}],"about":[{"href":"https:\/\/www.club-nouvelle-mini.com\/index.php?rest_route=\/wp\/v2\/types\/page"}],"author":[{"embeddable":true,"href":"https:\/\/www.club-nouvelle-mini.com\/index.php?rest_route=\/wp\/v2\/users\/2"}],"replies":[{"embeddable":true,"href":"https:\/\/www.club-nouvelle-mini.com\/index.php?rest_route=%2Fwp%2Fv2%2Fcomments&post=633"}],"version-history":[{"count":11,"href":"https:\/\/www.club-nouvelle-mini.com\/index.php?rest_route=\/wp\/v2\/pages\/633\/revisions"}],"predecessor-version":[{"id":908,"href":"https:\/\/www.club-nouvelle-mini.com\/index.php?rest_route=\/wp\/v2\/pages\/633\/revisions\/908"}],"wp:attachment":[{"href":"https:\/\/www.club-nouvelle-mini.com\/index.php?rest_route=%2Fwp%2Fv2%2Fmedia&parent=633"}],"curies":[{"name":"wp","href":"https:\/\/api.w.org\/{rel}","templated":true}]}}