{"id":9,"date":"2009-01-06T17:57:14","date_gmt":"2009-01-06T16:57:14","guid":{"rendered":"http:\/\/test.club-nouvelle-mini.com\/?p=9"},"modified":"2015-05-30T11:41:14","modified_gmt":"2015-05-30T10:41:14","slug":"agenda-2003","status":"publish","type":"page","link":"https:\/\/www.club-nouvelle-mini.com\/?page_id=9","title":{"rendered":"Agenda 2003"},"content":{"rendered":"<ul class=\"arrow\">\n<li>13 avril : Sortie Team Suisse <\/li>\n<li> 27 avril : Sortie Team Suisse <\/li>\n<li>1er, 2 et 3 mars : Sortie Alsace <\/li>\n<li>Sortie T\u00e9l\u00e9vie<\/li>\n<li> MINI au Ring <\/li>\n<li> Croix-en-Ternois (deux fois !)<\/li>\n<li>3 et 4 mai : Montlh\u00e9ry<\/li>\n<li> D\u00fcsseldorf<\/li>\n<li> JNS 1 <\/li>\n<li>22 mars : MINI \u00e0 Zolder<\/li>\n<li> Sortie Le Mans Classic <\/li>\n<li> MINI Meeting Belgium <\/li>\n<li> MINI Meeting Flandre <\/li>\n<li> Christmas MINI Meeting <\/li>\n<li> Sortie Team Qu\u00e9bec <\/li>\n<li> 13 avril : MINI Cup Zolder <\/li>\n<li> Une Pomme \u00e0 Paris <\/li>\n<li> Une Tartine \u00e0 Maredsous <\/li>\n<li> Balade Hollandaise Eindhoven <\/li>\n<li> MINI en Course sur l&rsquo;Anneau du Rhin<\/li>\n<li>30 ao\u00fbt : MINI au Drive-In Movie, Italian Job en avant-premi\u00e8re <\/li>\n<li> 6 et 7 septembre : JNS 2 <\/li>\n<li> 19 octobre : MINIFunRUN \u00e0 Malines <\/li>\n<li> 19 octobre : Final du challenge MCC \u00e0 Zolder<\/li>\n<li> 8, 9, 10 et 11 novembre : Meeting AG 2003 en Champagne<\/li>\n<li> 30 novembre : 1er Meeting du Team Sud <\/li>\n<li> 27 d\u00e9cembre : Sortie Grand Large et Plat Pays<\/li>\n<li> 30 et 31 d\u00e9cembre et 1er, 2 et 3 janvier 2004 : Saint-Sylvestre des MINIstes \u00e0 Hotton<\/li>\n<\/ul>\n","protected":false},"excerpt":{"rendered":"<p>13 avril : Sortie Team Suisse 27 avril : Sortie Team Suisse 1er, 2 et 3 mars : Sortie Alsace Sortie T\u00e9l\u00e9vie MINI au Ring Croix-en-Ternois (deux fois !) 3 et 4 mai : Montlh\u00e9ry D\u00fcsseldorf JNS 1 22 mars&#8230; <a class=\"more-link\" href=\"https:\/\/www.club-nouvelle-mini.com\/?page_id=9\">Continue Reading &rarr;<\/a><\/p>\n","protected":false},"author":1,"featured_media":0,"parent":0,"menu_order":13,"comment_status":"closed","ping_status":"open","template":"","meta":[],"_links":{"self":[{"href":"https:\/\/www.club-nouvelle-mini.com\/index.php?rest_route=\/wp\/v2\/pages\/9"}],"collection":[{"href":"https:\/\/www.club-nouvelle-mini.com\/index.php?rest_route=\/wp\/v2\/pages"}],"about":[{"href":"https:\/\/www.club-nouvelle-mini.com\/index.php?rest_route=\/wp\/v2\/types\/page"}],"author":[{"embeddable":true,"href":"https:\/\/www.club-nouvelle-mini.com\/index.php?rest_route=\/wp\/v2\/users\/1"}],"replies":[{"embeddable":true,"href":"https:\/\/www.club-nouvelle-mini.com\/index.php?rest_route=%2Fwp%2Fv2%2Fcomments&post=9"}],"version-history":[{"count":1,"href":"https:\/\/www.club-nouvelle-mini.com\/index.php?rest_route=\/wp\/v2\/pages\/9\/revisions"}],"predecessor-version":[{"id":276,"href":"https:\/\/www.club-nouvelle-mini.com\/index.php?rest_route=\/wp\/v2\/pages\/9\/revisions\/276"}],"wp:attachment":[{"href":"https:\/\/www.club-nouvelle-mini.com\/index.php?rest_route=%2Fwp%2Fv2%2Fmedia&parent=9"}],"curies":[{"name":"wp","href":"https:\/\/api.w.org\/{rel}","templated":true}]}}